{"id":590,"date":"2024-04-03T14:46:13","date_gmt":"2024-04-03T12:46:13","guid":{"rendered":"http:\/\/akverner.cz\/?page_id=590"},"modified":"2026-01-16T10:05:27","modified_gmt":"2026-01-16T09:05:27","slug":"ochrana-osobnich-udaju","status":"publish","type":"page","link":"https:\/\/akverner.cz\/?page_id=590","title":{"rendered":"Z\u00e1sady ochrany osobn\u00edch \u00fadaj\u016f"},"content":{"rendered":"\n<p><em>dle smyslu na\u0159\u00edzen\u00ed Evropsk\u00e9ho parlamentu a Rady (EU) \u010d. 2016\/679 o ochran\u011b fyzick\u00fdch osob v souvislosti se zpracov\u00e1n\u00edm osobn\u00edch \u00fadaj\u016f a o voln\u00e9m pohybu t\u011bchto \u00fadaj\u016f a o zru\u0161en\u00ed sm\u011brnice 95\/46\/ES (obecn\u00e9 na\u0159\u00edzen\u00ed o ochran\u011b osobn\u00edch \u00fadaj\u016f) (d\u00e1le jen <strong>\u201eGDPR<\/strong>\u201c) a z\u00e1kona \u010d. 110\/2019 Sb., o zpracov\u00e1n\u00ed osobn\u00edch \u00fadaj\u016f.<\/em><\/p>\n\n\n\n<div class=\"wp-block-group\"><div class=\"wp-block-group__inner-container is-layout-constrained wp-block-group-is-layout-constrained\">\n<h2 class=\"wp-block-heading\">Kdo je spr\u00e1vcem?<\/h2>\n\n\n\n<p><strong>Mgr. Luk\u00e1\u0161 Verner, advok\u00e1t<\/strong><br>O\u010cO: 199 66 024<br>ev. \u010d. \u010cAK: 21082<br>s\u00eddlem AK v Brn\u011b, Peka\u0159sk\u00e1 384\/13, PS\u010c 602 00<br>tel.: +420 541 243 358<br>mobil: +420 725 015 255<br>e-mail: <a href=\"mailto:advokat@akverner.cz\">advokat@akverner.cz<\/a><br><br>Spr\u00e1vce nem\u00e1 jmenovan\u00e9ho pov\u011b\u0159ence osobn\u00edch \u00fadaj\u016f.<\/p>\n<\/div><\/div>\n\n\n\n<div class=\"wp-block-group\"><div class=\"wp-block-group__inner-container is-layout-constrained wp-block-group-is-layout-constrained\">\n<h2 class=\"wp-block-heading\">Jak\u00e9 \u00fadaje jsou zpracov\u00e1v\u00e1ny?<\/h2>\n\n\n\n<ul class=\"wp-block-list\">\n<li><strong>Identifika\u010dn\u00ed \u00fadaje <\/strong>(zejm. jm\u00e9no a p\u0159\u00edjmen\u00ed, titul, datum narozen\u00ed, rodn\u00e9 \u010d\u00edslo, I\u010cO\/DI\u010c, adresa bydli\u0161t\u011b, \u010d\u00edslo pr\u016fkazu toto\u017enosti);<\/li>\n\n\n\n<li><strong>kontaktn\u00ed \u00fadaje<\/strong> (zejm. doru\u010dovac\u00ed adresa, telefonn\u00ed \u010d\u00edslo, e-mail, identifik\u00e1tor datov\u00e9 schr\u00e1nky)<\/li>\n\n\n\n<li><strong>finan\u010dn\u00ed \u00fadaje <\/strong>(zejm. \u010d\u00edsla bankovn\u00edch \u00fa\u010dt\u016f, zdroje finan\u010dn\u00edch prost\u0159edk\u016f, majetkov\u00e1 situace klienta)<\/li>\n\n\n\n<li><strong>Dal\u0161\u00ed specifick\u00e9 \u00fadaje, kter\u00e9 klient poskytne advok\u00e1tovi v r\u00e1mci poskytov\u00e1n\u00ed pr\u00e1vn\u00edch slu\u017eeb<\/strong><\/li>\n<\/ul>\n<\/div><\/div>\n\n\n\n<div class=\"wp-block-group\"><div class=\"wp-block-group__inner-container is-layout-constrained wp-block-group-is-layout-constrained\">\n<h2 class=\"wp-block-heading\">Za jak\u00fdm \u00fa\u010delem se osobn\u00ed \u00fadaje zpracov\u00e1vaj\u00ed?<\/h2>\n\n\n\n<p>Spr\u00e1vce zpracov\u00e1v\u00e1 Va\u0161e osobn\u00ed \u00fadaje k n\u00e1sleduj\u00edc\u00edm \u00fa\u010del\u016fm:<\/p>\n\n\n\n<ul class=\"wp-block-list\">\n<li><strong>Poskytov\u00e1n\u00ed pr\u00e1vn\u00edch slu\u017eeb<\/strong><br>Zejm\u00e9na se jedn\u00e1 o poskytov\u00e1n\u00ed samotn\u00fdch pr\u00e1vn\u00edch slu\u017eeb a pln\u011bn\u00ed pr\u00e1v a povinnost\u00ed plynouc\u00edch ze smlouvy o pr\u00e1vn\u00edm zastoupen\u00ed.<br>Takov\u00fd postup umo\u017e\u0148uje \u010dl. 6 odst. 1 p\u00edsm. b) GDPR.<\/li>\n\n\n\n<li><strong>Pln\u011bn\u00ed pr\u00e1vn\u00edch povinnost\u00ed<\/strong><br>Zejm\u00e9na se jedn\u00e1 o povinnosti vypl\u00fdvaj\u00edc\u00ed ze z\u00e1kona o advokacii, stavovsk\u00fdch (advok\u00e1tn\u00edch) p\u0159edpis\u016f, pr\u00e1vn\u00edch p\u0159edpis\u016f upravuj\u00edc\u00edch povinn\u00e9 platby a \u00fa\u010detnictv\u00ed, p\u0159edpis\u016f na ochranu proti pran\u00ed \u0161pinav\u00fdch pen\u011bz a financov\u00e1n\u00ed terorismu, a dal\u0161\u00edch p\u0159edpis\u016f vztahuj\u00edc\u00edch se na \u010dinnost spr\u00e1vce, jako\u017eto advok\u00e1ta<br>Takov\u00fd postup umo\u017e\u0148uje \u010dl. 6 odst. 1 p\u00edsm. c) GDPR.<\/li>\n\n\n\n<li><strong>Opr\u00e1vn\u011bn\u00fd z\u00e1jem spr\u00e1vce<\/strong><br>Zejm\u00e9na se jedn\u00e1 o v\u00fdkon pr\u00e1v a uplatn\u011bn\u00ed n\u00e1rok\u016f spr\u00e1vce vypl\u00fdvaj\u00edc\u00edch z pr\u00e1vn\u00edho vztahu s V\u00e1mi, jako\u017eto klientem.<br>Takov\u00fd postup umo\u017e\u0148uje \u010dl. 6 odst. 1 p\u00edsm. c) GDPR.<br><\/li>\n<\/ul>\n<\/div><\/div>\n\n\n\n<div class=\"wp-block-group\"><div class=\"wp-block-group__inner-container is-layout-constrained wp-block-group-is-layout-constrained\">\n<h2 class=\"wp-block-heading\">Jak dlouho se osobn\u00ed \u00fadaje zpracov\u00e1vaj\u00ed?<\/h2>\n\n\n\n<p><strong>Za \u00fa\u010delem poskytov\u00e1n\u00ed pr\u00e1vn\u00edch slu\u017eeb<\/strong> jsou osobn\u00ed \u00fadaje zpracov\u00e1v\u00e1ny po celou dobu poskytov\u00e1n\u00ed pr\u00e1vn\u00edch slu\u017eeb.<\/p>\n\n\n\n<p><strong>Pro \u00fa\u010dely pln\u011bn\u00ed pr\u00e1vn\u00edch povinnost<\/strong>\u00ed jsou osobn\u00ed \u00fadaje zpracov\u00e1v\u00e1ny po dobu, kterou vy\u017eaduj\u00ed p\u0159\u00edslu\u0161n\u00e9 pr\u00e1vn\u00ed p\u0159edpisy \u010cesk\u00e9 republiky \u010di Evropsk\u00e9 unie. Zpravidla se jedn\u00e1 o p\u011bt (5) nebo deset (10) let.<\/p>\n\n\n\n<p><strong>Pro \u00fa\u010dely opr\u00e1vn\u011bn\u00e9ho z\u00e1jmu spr\u00e1vce<\/strong> jsou osobn\u00ed \u00fadaje zpracov\u00e1v\u00e1ny po dobu trv\u00e1n\u00ed pr\u00e1v a povinnost\u00ed plynouc\u00edch z&nbsp;pr\u00e1vn\u00edho vztahu mezi spr\u00e1vcem (advok\u00e1tem) a V\u00e1mi (klientem), a to i po sko\u010den\u00ed poskytov\u00e1n\u00ed pr\u00e1vn\u00edch slu\u017eeb. Zpravidla se bude jednat o proml\u010dec\u00ed dobu t\u0159\u00ed (3) let od z\u00e1niku pr\u00e1v a povinnost\u00ed z&nbsp;pr\u00e1vn\u00edho vztahu vznikl\u00e9ho mezi spr\u00e1vcem a V\u00e1mi p\u0159i poskytov\u00e1n\u00ed pr\u00e1vn\u00edch slu\u017eeb.<\/p>\n<\/div><\/div>\n\n\n\n<div class=\"wp-block-group\"><div class=\"wp-block-group__inner-container is-layout-constrained wp-block-group-is-layout-constrained\">\n<h2 class=\"wp-block-heading\">Kdo d\u00e1le zpracov\u00e1v\u00e1 Va\u0161e \u00fadaje?<\/h2>\n\n\n\n<p>Zpracov\u00e1n\u00ed osobn\u00edch \u00fadaj\u016f je prov\u00e1d\u011bno spr\u00e1vcem.<\/p>\n\n\n\n<p>Osobn\u00ed \u00fadaje v\u0161ak mohou b\u00fdt p\u0159ed\u00e1ny i n\u00e1sleduj\u00edc\u00edm osob\u00e1m:<\/p>\n\n\n\n<ul class=\"wp-block-list\">\n<li>zam\u011bstnanc\u016fm spr\u00e1vce;<\/li>\n\n\n\n<li>dal\u0161\u00edm advok\u00e1t\u016fm spolupracuj\u00edc\u00edm p\u0159i poskytov\u00e1n\u00ed pr\u00e1vn\u00edch slu\u017eeb;<\/li>\n\n\n\n<li>spol. AVE Soft s.r.o., I\u010cO: 253 78&nbsp;392, s\u00eddlem Technologick\u00e1 372\/2, Ostrava 708 00 (poskytovateli pr\u00e1vn\u00edho informa\u010dn\u00edho syst\u00e9mu Evolio);<\/li>\n\n\n\n<li>spol. Microsoft Corporation (poskytovateli coudov\u00e9ho ulo\u017ei\u0161t\u011b);<\/li>\n\n\n\n<li>org\u00e1n\u016fm ve\u0159ejn\u00e9 moci (zejm. soudy a spr\u00e1vn\u00ed org\u00e1ny).<\/li>\n<\/ul>\n<\/div><\/div>\n\n\n\n<h2 class=\"wp-block-heading\">Jak\u00e1 m\u00e1te p\u0159i zpracov\u00e1n\u00ed osobn\u00edch \u00fadaj\u016f pr\u00e1va?<\/h2>\n\n\n\n<h3 class=\"wp-block-heading\">Pr\u00e1vo na p\u0159\u00edstup k osobn\u00edm \u00fadaj\u016fm<\/h3>\n\n\n\n<p>T\u00edm se rozum\u00ed pr\u00e1vo z\u00edskat od Spr\u00e1vce potvrzen\u00ed, jak\u00e9 osobn\u00ed \u00fadaje jsou o V\u00e1s zpracov\u00e1v\u00e1ny, pr\u00e1vo z\u00edskat k&nbsp;t\u011bmto osobn\u00edm \u00fadaj\u016fm p\u0159\u00edstup a na informov\u00e1n\u00ed, za jak\u00fdm \u00fa\u010delem jsou osobn\u00ed \u00fadaje zpracov\u00e1v\u00e1ny, jak\u00e9 jsou kategorie osobn\u00edch \u00fadaj\u016f, komu byly nebo budou osobn\u00ed \u00fadaje zp\u0159\u00edstupn\u011bny, o existenci pr\u00e1va na opravu nebo v\u00fdmaz osobn\u00edch \u00fadaj\u016f, jako\u017e i o pr\u00e1vu na omezen\u00ed zpracov\u00e1n\u00ed osobn\u00edch \u00fadaj\u016f a\/nebo o pr\u00e1vu vzn\u00e9st n\u00e1mitku proti takov\u00e9mu zpracov\u00e1n\u00ed<\/p>\n\n\n\n<h3 class=\"wp-block-heading\">Pr\u00e1vo na opravu nebo dopln\u011bn\u00ed osobn\u00edch \u00fadaj\u016f<\/h3>\n\n\n\n<p>T\u00edm se rozum\u00ed pr\u00e1vo kdykoliv \u017e\u00e1dat o opravu \u010di dopln\u011bn\u00ed osobn\u00edch \u00fadaj\u016f, kter\u00e9 jsou nep\u0159esn\u00e9 nebo ne\u00fapln\u00e9.<\/p>\n\n\n\n<h3 class=\"wp-block-heading\"><strong>Pr\u00e1vo na opravu nebo dopln\u011bn\u00ed osobn\u00edch \u00fadaj\u016f<\/strong><\/h3>\n\n\n\n<p>T\u00edm se rozum\u00ed pr\u00e1vo na omezen\u00ed zpracov\u00e1n\u00ed osobn\u00edch \u00fadaj\u016f z&nbsp;d\u016fvod\u016f, \u017ee (i) pop\u00edr\u00e1te p\u0159esnost osobn\u00edch \u00fadaj\u016f (pak na dobu nezbytnou k&nbsp;ov\u011b\u0159en\u00ed p\u0159esnosti); (ii) zpracov\u00e1n\u00ed je protipr\u00e1vn\u00ed, ale odm\u00edt\u00e1te jejich v\u00fdmaz a sou\u010dasn\u011b m\u00edsto v\u00fdmazu \u017e\u00e1d\u00e1te omezen\u00ed jejich pou\u017eit\u00ed; (iii) Spr\u00e1vce nepot\u0159ebuje osobn\u00ed \u00fadaje pro \u00fa\u010dely zpracov\u00e1n\u00ed, ale Vy po\u017eadujete dal\u0161\u00ed zpracov\u00e1n\u00ed pro ur\u010den\u00ed, v\u00fdkon nebo obhajobu Va\u0161ich pr\u00e1vn\u00edch n\u00e1rok\u016f; (iv) vznesete n\u00e1mitku proti jejich zpracov\u00e1n\u00ed, a to po dobu, ne\u017e bude ov\u011b\u0159eno, zda opr\u00e1vn\u011bn\u00e9 d\u016fvody Spr\u00e1vce nep\u0159eva\u017euj\u00ed nad Va\u0161imi opr\u00e1vn\u011bn\u00fdmi d\u016fvody.<br>Osobn\u00ed \u00fadaje budou zpracov\u00e1ny pouze jejich ulo\u017een\u00edm. Jin\u00fdm zp\u016fsobem pouze s&nbsp;Va\u0161\u00edm souhlasem.<\/p>\n\n\n\n<h3 class=\"wp-block-heading\"><strong>Pr\u00e1vo na v\u00fdmaz osobn\u00edch \u00fadaj\u016f (pr\u00e1vo b\u00fdt zapomenut)<\/strong><\/h3>\n\n\n\n<p>T\u00edm se rozum\u00ed pr\u00e1vo \u017e\u00e1dat bezodkladn\u00fd v\u00fdmaz Va\u0161ich osobn\u00edch \u00fadaj\u016f. Toto pr\u00e1vo v\u0161ak m\u00e1te pouze, pokud (i) osobn\u00ed \u00fadaje nejsou pot\u0159ebn\u00e9 pro \u00fa\u010dely, pro kter\u00e9 byly shrom\u00e1\u017ed\u011bny nebo jinak zpracov\u00e1v\u00e1ny; (ii) odvol\u00e1te sv\u016fj souhlas se zpracov\u00e1n\u00edm osobn\u00edch \u00fadaj\u016f a z\u00e1rove\u0148 neexistuje jin\u00fd d\u016fvod pro jejich zpracov\u00e1n\u00ed; (iii) vznesete proti zpracov\u00e1n\u00ed n\u00e1mitku a z\u00e1rove\u0148 neexistuj\u00ed \u017e\u00e1dn\u00e9 opr\u00e1vn\u011bn\u00e9 d\u016fvody p\u0159eva\u017euj\u00edc\u00ed pro zpracov\u00e1n\u00ed nebo se jedn\u00e1 o n\u00e1mitku proti zpracov\u00e1n\u00ed osobn\u00edch \u00fadaj\u016f pro \u00fa\u010dely p\u0159\u00edm\u00e9ho marketingu; (iv) osobn\u00ed \u00fadaje byly zpracov\u00e1ny protipr\u00e1vn\u011b; (v) je Spr\u00e1vce k&nbsp;v\u00fdmazu zav\u00e1z\u00e1n pr\u00e1vem \u010cR, EU nebo jin\u00e9ho \u010dlensk\u00e9ho st\u00e1tu, kter\u00e9 se na Spr\u00e1vce vztahuje; (vi) osobn\u00ed \u00fadaje byly shrom\u00e1\u017ed\u011bny v&nbsp;souvislosti s&nbsp;nab\u00edzen\u00edm slu\u017eeb informa\u010dn\u00ed spole\u010dnosti d\u00edt\u011bti star\u0161\u00edmu 16 let a\/nebo d\u00edt\u011bti mlad\u0161\u00edmu 16 let se souhlasem z\u00e1konn\u00e9ho z\u00e1stupce.<\/p>\n\n\n\n<h3 class=\"wp-block-heading\"><strong>Pr\u00e1vo na omezen\u00ed zpracov\u00e1n\u00ed osobn\u00edch \u00fadaj\u016f<\/strong><\/h3>\n\n\n\n<p>T\u00edm se rozum\u00ed pr\u00e1vo na omezen\u00ed zpracov\u00e1n\u00ed osobn\u00edch \u00fadaj\u016f z&nbsp;d\u016fvod\u016f, \u017ee (i) pop\u00edr\u00e1te p\u0159esnost osobn\u00edch \u00fadaj\u016f (pak na dobu nezbytnou k&nbsp;ov\u011b\u0159en\u00ed p\u0159esnosti); (ii) zpracov\u00e1n\u00ed je protipr\u00e1vn\u00ed, ale odm\u00edt\u00e1te jejich v\u00fdmaz a sou\u010dasn\u011b m\u00edsto v\u00fdmazu \u017e\u00e1d\u00e1te omezen\u00ed jejich pou\u017eit\u00ed; (iii) Spr\u00e1vce nepot\u0159ebuje osobn\u00ed \u00fadaje pro \u00fa\u010dely zpracov\u00e1n\u00ed, ale Vy po\u017eadujete dal\u0161\u00ed zpracov\u00e1n\u00ed pro ur\u010den\u00ed, v\u00fdkon nebo obhajobu Va\u0161ich pr\u00e1vn\u00edch n\u00e1rok\u016f; (iv) vznesete n\u00e1mitku proti jejich zpracov\u00e1n\u00ed, a to po dobu, ne\u017e bude ov\u011b\u0159eno, zda opr\u00e1vn\u011bn\u00e9 d\u016fvody Spr\u00e1vce nep\u0159eva\u017euj\u00ed nad Va\u0161imi opr\u00e1vn\u011bn\u00fdmi d\u016fvody. Osobn\u00ed \u00fadaje budou zpracov\u00e1ny pouze jejich ulo\u017een\u00edm. Jin\u00fdm zp\u016fsobem pouze s&nbsp;Va\u0161\u00edm souhlasem.<\/p>\n\n\n\n<h3 class=\"wp-block-heading\"><strong>Pr\u00e1vo na p\u0159enositelnost osobn\u00edch \u00fadaj\u016f<\/strong><\/h3>\n\n\n\n<p>T\u00edm se rozum\u00ed pr\u00e1vo z\u00edskat od Spr\u00e1vce osobn\u00ed \u00fadaje ve strukturovan\u00e9m a strojov\u011b \u010diteln\u00e9m form\u00e1tu, a pr\u00e1vo na p\u0159ed\u00e1n\u00ed t\u011bchto osobn\u00edch \u00fadaj\u016f jin\u00e9mu spr\u00e1vci, a to v&nbsp;p\u0159\u00edpad\u011b, \u017ee zpracov\u00e1n\u00ed osobn\u00edch \u00fadaj\u016f prob\u00edh\u00e1 automatizovan\u011b a\/nebo je zalo\u017eeno na Va\u0161em souhlasu.<\/p>\n\n\n\n<h3 class=\"wp-block-heading\"><strong>Pr\u00e1vo vzn\u00e9st n\u00e1mitku proti zpracov\u00e1n\u00ed osobn\u00edch \u00fadaj\u016f<\/strong><\/h3>\n\n\n\n<p>T\u00edm se rozum\u00ed pr\u00e1vo vzn\u00e9st n\u00e1mitku v\u016f\u010di zpracov\u00e1n\u00ed osobn\u00edch \u00fadaj\u016f z&nbsp;d\u016fvod\u016f ve\u0159ejn\u00e9ho z\u00e1jmu \u010di opr\u00e1vn\u011bn\u00fdch z\u00e1jm\u016f Spr\u00e1vce, v\u010detn\u011b p\u0159\u00edpadn\u00e9ho souvisej\u00edc\u00edho profilov\u00e1n\u00ed, jako\u017e i pr\u00e1vo vzn\u00e9st n\u00e1mitku v\u016f\u010di zpracov\u00e1n\u00ed osobn\u00edch \u00fadaj\u016f pro \u00fa\u010dely p\u0159\u00edm\u00e9ho marketingu.<\/p>\n\n\n\n<h3 class=\"wp-block-heading\"><strong>Pr\u00e1vo neb\u00fdt p\u0159edm\u011btem automatizovan\u00e9ho individu\u00e1ln\u00edho rozhodov\u00e1n\u00ed, v\u010detn\u011b profilov\u00e1n\u00ed<\/strong><\/h3>\n\n\n\n<p>T\u00edm se rozum\u00ed pr\u00e1vo neb\u00fdt p\u0159edm\u011btem \u017e\u00e1dn\u00e9ho rozhodnut\u00ed zalo\u017een\u00e9ho v\u00fdhradn\u011b na automatizovan\u00e9m zpracov\u00e1n\u00ed, v\u010detn\u011b profilov\u00e1n\u00ed, kter\u00e9 pro V\u00e1s m\u00e1 pr\u00e1vn\u00ed \u00fa\u010dinky nebo se V\u00e1s obdobn\u00fdm zp\u016fsobem v\u00fdznamn\u011b dot\u00fdk\u00e1.<\/p>\n\n\n\n<p>To neplat\u00ed, pokud je takov\u00e9 zpracov\u00e1n\u00ed nezbytn\u00e9 pro pln\u011bn\u00ed smlouvy, pokud takov\u00e9 zpracov\u00e1n\u00ed umo\u017e\u0148uj\u00ed obecn\u011b z\u00e1vazn\u00e9 pr\u00e1vn\u00ed p\u0159edpisy a\/nebo jste k&nbsp;takov\u00e9mu zpracov\u00e1n\u00ed dali v\u00fdslovn\u00fd souhlas.<\/p>\n\n\n\n<h3 class=\"wp-block-heading\"><strong>Pr\u00e1vo podat st\u00ed\u017enost u \u00da\u0159adu pro ochranu osobn\u00edch \u00fadaj\u016f nebo se obr\u00e1tit na v\u011bcn\u011b a m\u00edstn\u011b p\u0159\u00edslu\u0161n\u00fd soud<\/strong><\/h3>\n\n\n\n<p>T\u00edm se rozum\u00ed pr\u00e1vo podat st\u00ed\u017enost k&nbsp;\u00da\u0159adu pro ochranu osobn\u00edch \u00fadaj\u016f, kter\u00fd prov\u00e1d\u00ed dozor na pln\u011bn\u00edm povinnost\u00ed z&nbsp;GDPR a souvisej\u00edc\u00edch pr\u00e1vn\u00edch p\u0159edpis\u016f. V\u00edce informac\u00ed na:&nbsp;<a href=\"https:\/\/uoou.gov.cz\/\">https:\/\/uoou.gov.cz\/<\/a><\/p>\n\n\n\n<p>Sou\u010dasn\u011b m\u016f\u017eete sv\u00e1 pr\u00e1va a n\u00e1roky uplatnit i u v\u011bcn\u011b a m\u00edstn\u011b p\u0159\u00edslu\u0161n\u00fdch soud\u016f.<\/p>\n","protected":false},"excerpt":{"rendered":"<p>dle smyslu na\u0159\u00edzen\u00ed Evropsk\u00e9ho parlamentu a Rady (EU) \u010d. 2016\/679 o ochran\u011b fyzick\u00fdch osob v souvislosti se zpracov\u00e1n\u00edm osobn\u00edch \u00fadaj\u016f a o voln\u00e9m pohybu t\u011bchto \u00fadaj\u016f a o zru\u0161en\u00ed sm\u011brnice 95\/46\/ES (obecn\u00e9 na\u0159\u00edzen\u00ed o ochran\u011b osobn\u00edch \u00fadaj\u016f) (d\u00e1le jen \u201eGDPR\u201c) a z\u00e1kona \u010d. 110\/2019 Sb., o zpracov\u00e1n\u00ed osobn\u00edch \u00fadaj\u016f. Kdo je spr\u00e1vcem? Mgr. Luk\u00e1\u0161 Verner,&hellip;&nbsp;<a href=\"https:\/\/akverner.cz\/?page_id=590\" class=\"\" rel=\"bookmark\">\u010c\u00edst d\u00e1le &raquo;<span class=\"screen-reader-text\">Z\u00e1sady ochrany osobn\u00edch \u00fadaj\u016f<\/span><\/a><\/p>\n","protected":false},"author":2,"featured_media":0,"parent":0,"menu_order":0,"comment_status":"closed","ping_status":"closed","template":"","meta":{"_eb_attr":"","neve_meta_sidebar":"","neve_meta_container":"","neve_meta_enable_content_width":"","neve_meta_content_width":0,"neve_meta_title_alignment":"","neve_meta_author_avatar":"","neve_post_elements_order":"","neve_meta_disable_header":"","neve_meta_disable_footer":"","neve_meta_disable_title":"","_themeisle_gutenberg_block_has_review":false,"_ti_tpc_template_sync":false,"_ti_tpc_template_id":"","footnotes":""},"class_list":["post-590","page","type-page","status-publish","hentry"],"_links":{"self":[{"href":"https:\/\/akverner.cz\/index.php?rest_route=\/wp\/v2\/pages\/590","targetHints":{"allow":["GET"]}}],"collection":[{"href":"https:\/\/akverner.cz\/index.php?rest_route=\/wp\/v2\/pages"}],"about":[{"href":"https:\/\/akverner.cz\/index.php?rest_route=\/wp\/v2\/types\/page"}],"author":[{"embeddable":true,"href":"https:\/\/akverner.cz\/index.php?rest_route=\/wp\/v2\/users\/2"}],"replies":[{"embeddable":true,"href":"https:\/\/akverner.cz\/index.php?rest_route=%2Fwp%2Fv2%2Fcomments&post=590"}],"version-history":[{"count":22,"href":"https:\/\/akverner.cz\/index.php?rest_route=\/wp\/v2\/pages\/590\/revisions"}],"predecessor-version":[{"id":688,"href":"https:\/\/akverner.cz\/index.php?rest_route=\/wp\/v2\/pages\/590\/revisions\/688"}],"wp:attachment":[{"href":"https:\/\/akverner.cz\/index.php?rest_route=%2Fwp%2Fv2%2Fmedia&parent=590"}],"curies":[{"name":"wp","href":"https:\/\/api.w.org\/{rel}","templated":true}]}}