{"id":589,"date":"2024-04-03T14:46:13","date_gmt":"2024-04-03T12:46:13","guid":{"rendered":"http:\/\/akverner.cz\/?page_id=589"},"modified":"2026-01-16T10:07:08","modified_gmt":"2026-01-16T09:07:08","slug":"mimosoudni-reseni-sporu","status":"publish","type":"page","link":"https:\/\/akverner.cz\/?page_id=589","title":{"rendered":"Mimosoudn\u00ed \u0159e\u0161en\u00ed spor\u016f"},"content":{"rendered":"\n<p>Vystupuje-li klient ve vztahu k advok\u00e1tovi jako spot\u0159ebitel, m\u00e1 dle <a href=\"https:\/\/www.zakonyprolidi.cz\/cs\/1992-634\" data-type=\"link\" data-id=\"https:\/\/www.zakonyprolidi.cz\/cs\/1992-634\" target=\"_blank\" rel=\"noreferrer noopener\">z\u00e1kona \u010d. 634\/1992 Sb., o ochran\u011b spot\u0159ebitele<\/a>, ve spojen\u00ed s <a href=\"https:\/\/www.cak.cz\/cs\/download\/Advok%C3%A1tn%C3%AD%20sm%C3%ADr%C4%8D%C3%AD%20%C5%99%C3%A1d%20%28usnesen%C3%AD%20%C4%8D.%202:1998%20V%C4%9Bstn%C3%ADku%29.pdf\" data-type=\"link\" data-id=\"https:\/\/www.cak.cz\/cs\/download\/Advok%C3%A1tn%C3%AD%20sm%C3%ADr%C4%8D%C3%AD%20%C5%99%C3%A1d%20%28usnesen%C3%AD%20%C4%8D.%202:1998%20V%C4%9Bstn%C3%ADku%29.pdf\" target=\"_blank\" rel=\"noreferrer noopener\">advok\u00e1tn\u00edm sm\u00edr\u010d\u00edm \u0159\u00e1dem<\/a>, pr\u00e1vo na mimosoudn\u00ed \u0159e\u0161en\u00ed spor\u016f vypl\u00fdvaj\u00edc\u00edch ze smlouvy o poskytov\u00e1n\u00ed pr\u00e1vn\u00edch slu\u017eeb.<\/p>\n\n\n\n<p>Pov\u011b\u0159en\u00fdm subjektem k mimosoudn\u00edmu \u0159e\u0161en\u00ed spor\u016f mezi advok\u00e1tem a klientem je \u010cesk\u00e1 advok\u00e1tn\u00ed komora, I\u010cO: 660 00 777, s\u00eddlem N\u00e1rodn\u00ed 16, 110 00 Praha 1.<\/p>\n\n\n\n<p>Mimosoudn\u00ed \u0159e\u0161en\u00ed sporu lze zah\u00e1jit n\u00e1vrhem spot\u0159ebitele adresovan\u00fdm pov\u011b\u0159en\u00e9mu subjektu, a to nejpozd\u011bji jeden (1) rok pot\u00e9, co bylo pr\u00e1vo, kter\u00e9 je p\u0159edm\u011btem sporu mezi advok\u00e1tem a spot\u0159ebitelem, uplatn\u011bno u advok\u00e1ta poprv\u00e9.<\/p>\n\n\n\n<p>V\u00edce informac\u00ed naleznete na str\u00e1nk\u00e1ch <a href=\"https:\/\/www.cak.cz\/scripts\/detail.php?id=15607\" data-type=\"link\" data-id=\"https:\/\/www.cak.cz\/scripts\/detail.php?id=15607\" target=\"_blank\" rel=\"noreferrer noopener\">\u010cesk\u00e9 advok\u00e1tn\u00ed komory<\/a>.<\/p>\n","protected":false},"excerpt":{"rendered":"<p>Vystupuje-li klient ve vztahu k advok\u00e1tovi jako spot\u0159ebitel, m\u00e1 dle z\u00e1kona \u010d. 634\/1992 Sb., o ochran\u011b spot\u0159ebitele, ve spojen\u00ed s advok\u00e1tn\u00edm sm\u00edr\u010d\u00edm \u0159\u00e1dem, pr\u00e1vo na mimosoudn\u00ed \u0159e\u0161en\u00ed spor\u016f vypl\u00fdvaj\u00edc\u00edch ze smlouvy o poskytov\u00e1n\u00ed pr\u00e1vn\u00edch slu\u017eeb. Pov\u011b\u0159en\u00fdm subjektem k mimosoudn\u00edmu \u0159e\u0161en\u00ed spor\u016f mezi advok\u00e1tem a klientem je \u010cesk\u00e1 advok\u00e1tn\u00ed komora, I\u010cO: 660 00 777, s\u00eddlem N\u00e1rodn\u00ed&hellip;&nbsp;<a href=\"https:\/\/akverner.cz\/?page_id=589\" class=\"\" rel=\"bookmark\">\u010c\u00edst d\u00e1le &raquo;<span class=\"screen-reader-text\">Mimosoudn\u00ed \u0159e\u0161en\u00ed spor\u016f<\/span><\/a><\/p>\n","protected":false},"author":2,"featured_media":0,"parent":0,"menu_order":0,"comment_status":"closed","ping_status":"closed","template":"","meta":{"_eb_attr":"","neve_meta_sidebar":"","neve_meta_container":"","neve_meta_enable_content_width":"","neve_meta_content_width":0,"neve_meta_title_alignment":"","neve_meta_author_avatar":"","neve_post_elements_order":"","neve_meta_disable_header":"","neve_meta_disable_footer":"","neve_meta_disable_title":"","_themeisle_gutenberg_block_has_review":false,"_ti_tpc_template_sync":false,"_ti_tpc_template_id":"","footnotes":""},"class_list":["post-589","page","type-page","status-publish","hentry"],"_links":{"self":[{"href":"https:\/\/akverner.cz\/index.php?rest_route=\/wp\/v2\/pages\/589","targetHints":{"allow":["GET"]}}],"collection":[{"href":"https:\/\/akverner.cz\/index.php?rest_route=\/wp\/v2\/pages"}],"about":[{"href":"https:\/\/akverner.cz\/index.php?rest_route=\/wp\/v2\/types\/page"}],"author":[{"embeddable":true,"href":"https:\/\/akverner.cz\/index.php?rest_route=\/wp\/v2\/users\/2"}],"replies":[{"embeddable":true,"href":"https:\/\/akverner.cz\/index.php?rest_route=%2Fwp%2Fv2%2Fcomments&post=589"}],"version-history":[{"count":6,"href":"https:\/\/akverner.cz\/index.php?rest_route=\/wp\/v2\/pages\/589\/revisions"}],"predecessor-version":[{"id":689,"href":"https:\/\/akverner.cz\/index.php?rest_route=\/wp\/v2\/pages\/589\/revisions\/689"}],"wp:attachment":[{"href":"https:\/\/akverner.cz\/index.php?rest_route=%2Fwp%2Fv2%2Fmedia&parent=589"}],"curies":[{"name":"wp","href":"https:\/\/api.w.org\/{rel}","templated":true}]}}